{"id":19,"date":"2021-01-23T20:59:37","date_gmt":"2021-01-23T17:59:37","guid":{"rendered":"https:\/\/richberg.net\/?page_id=19"},"modified":"2021-03-17T16:24:43","modified_gmt":"2021-03-17T13:24:43","slug":"iletisim","status":"publish","type":"page","link":"https:\/\/richberg.net\/index.php\/iletisim\/","title":{"rendered":"\u0130leti\u015fim"},"content":{"rendered":"\t\t<div data-elementor-type=\"wp-page\" data-elementor-id=\"19\" class=\"elementor elementor-19\" data-elementor-settings=\"[]\">\n\t\t\t\t\t\t<div class=\"elementor-inner\">\n\t\t\t\t\t\t\t<div class=\"elementor-section-wrap\">\n\t\t\t\t\t\t\t<section class=\"elementor-section elementor-top-section elementor-element elementor-element-a7a61d1 elementor-section-stretched elementor-section-boxed elementor-section-height-default elementor-section-height-default\" data-id=\"a7a61d1\" data-element_type=\"section\" data-settings=\"{&quot;stretch_section&quot;:&quot;section-stretched&quot;}\">\n\t\t\t\t\t\t<div class=\"elementor-container elementor-column-gap-default\">\n\t\t\t\t\t\t\t<div class=\"elementor-row\">\n\t\t\t\t\t<div class=\"elementor-column elementor-col-50 elementor-top-column elementor-element elementor-element-b93d938\" data-id=\"b93d938\" data-element_type=\"column\">\n\t\t\t<div class=\"elementor-column-wrap elementor-element-populated\">\n\t\t\t\t\t\t\t<div class=\"elementor-widget-wrap\">\n\t\t\t\t\t\t<div class=\"elementor-element elementor-element-62c2e07 elementor-widget elementor-widget-image\" data-id=\"62c2e07\" data-element_type=\"widget\" data-widget_type=\"image.default\">\n\t\t\t\t<div class=\"elementor-widget-container\">\n\t\t\t\t\t<div class=\"elementor-image\">\n\t\t\t\t\t\t\t\t\t\t<img loading=\"lazy\" decoding=\"async\" width=\"590\" height=\"195\" src=\"https:\/\/richberg.net\/wp-content\/uploads\/2021\/01\/LOGO-RICHBERG-2.png\" class=\"attachment-large size-large\" alt=\"\" srcset=\"https:\/\/richberg.net\/wp-content\/uploads\/2021\/01\/LOGO-RICHBERG-2.png 590w, https:\/\/richberg.net\/wp-content\/uploads\/2021\/01\/LOGO-RICHBERG-2-300x99.png 300w, https:\/\/richberg.net\/wp-content\/uploads\/2021\/01\/LOGO-RICHBERG-2-230x76.png 230w, https:\/\/richberg.net\/wp-content\/uploads\/2021\/01\/LOGO-RICHBERG-2-350x116.png 350w, https:\/\/richberg.net\/wp-content\/uploads\/2021\/01\/LOGO-RICHBERG-2-480x159.png 480w\" sizes=\"auto, (max-width: 590px) 100vw, 590px\" \/>\t\t\t\t\t\t\t\t\t\t\t<\/div>\n\t\t\t\t<\/div>\n\t\t\t\t<\/div>\n\t\t\t\t<div class=\"elementor-element elementor-element-a4a0c02 elementor-widget elementor-widget-text-editor\" data-id=\"a4a0c02\" data-element_type=\"widget\" data-widget_type=\"text-editor.default\">\n\t\t\t\t<div class=\"elementor-widget-container\">\n\t\t\t\t\t<div class=\"elementor-text-editor elementor-clearfix\"><h5><strong>SHOWROOM<\/strong><br \/><strong><br \/>Mehmet Nesih \u00d6zmen Mah.<br \/>Kas\u0131m Sokak No:41\/45<br \/><\/strong><strong>Merter AVM No:79<br \/><\/strong><strong>Merter\/Istanbul\/Turkey<br \/><br \/>+90 536 896 79 12<br \/>+90 530 904 68 03<\/strong><\/h5><h5><strong>AKIL Y\u00dcCE TEKST\u0130L<\/strong><br \/><strong>SAN. ve T\u0130C. LTD. \u015eT\u0130<\/strong><br \/><br \/><\/h5><\/div>\n\t\t\t\t<\/div>\n\t\t\t\t<\/div>\n\t\t\t\t\t\t<\/div>\n\t\t\t\t\t<\/div>\n\t\t<\/div>\n\t\t\t\t<div class=\"elementor-column elementor-col-50 elementor-top-column elementor-element elementor-element-8ab810b\" data-id=\"8ab810b\" data-element_type=\"column\">\n\t\t\t<div class=\"elementor-column-wrap elementor-element-populated\">\n\t\t\t\t\t\t\t<div class=\"elementor-widget-wrap\">\n\t\t\t\t\t\t<div class=\"elementor-element elementor-element-794a00f elementor-widget elementor-widget-shortcode\" data-id=\"794a00f\" data-element_type=\"widget\" data-widget_type=\"shortcode.default\">\n\t\t\t\t<div class=\"elementor-widget-container\">\n\t\t\t\t\t<div class=\"elementor-shortcode\"><div role=\"form\" class=\"wpcf7\" id=\"wpcf7-f98-o1\" lang=\"tr-TR\" dir=\"ltr\">\n<div class=\"screen-reader-response\"><p role=\"status\" aria-live=\"polite\" aria-atomic=\"true\"><\/p> <ul><\/ul><\/div>\n<form action=\"\/index.php\/wp-json\/wp\/v2\/pages\/19#wpcf7-f98-o1\" method=\"post\" class=\"wpcf7-form init\" novalidate=\"novalidate\" data-status=\"init\">\n<div style=\"display: none;\">\n<input type=\"hidden\" name=\"_wpcf7\" value=\"98\" \/>\n<input type=\"hidden\" name=\"_wpcf7_version\" value=\"5.3.2\" \/>\n<input type=\"hidden\" name=\"_wpcf7_locale\" value=\"tr_TR\" \/>\n<input type=\"hidden\" name=\"_wpcf7_unit_tag\" value=\"wpcf7-f98-o1\" \/>\n<input type=\"hidden\" name=\"_wpcf7_container_post\" value=\"0\" \/>\n<input type=\"hidden\" name=\"_wpcf7_posted_data_hash\" value=\"\" \/>\n<\/div>\n<p><label> Ad\u0131n\u0131z<br \/>\n    <span class=\"wpcf7-form-control-wrap your-name\"><input type=\"text\" name=\"your-name\" value=\"\" size=\"40\" class=\"wpcf7-form-control wpcf7-text wpcf7-validates-as-required\" aria-required=\"true\" aria-invalid=\"false\" \/><\/span> <\/label><\/p>\n<p><label> E-posta adresiniz<br \/>\n    <span class=\"wpcf7-form-control-wrap your-email\"><input type=\"email\" name=\"your-email\" value=\"\" size=\"40\" class=\"wpcf7-form-control wpcf7-text wpcf7-email wpcf7-validates-as-required wpcf7-validates-as-email\" aria-required=\"true\" aria-invalid=\"false\" \/><\/span> <\/label><\/p>\n<p><label> Konu<br \/>\n    <span class=\"wpcf7-form-control-wrap your-subject\"><input type=\"text\" name=\"your-subject\" value=\"\" size=\"40\" class=\"wpcf7-form-control wpcf7-text wpcf7-validates-as-required\" aria-required=\"true\" aria-invalid=\"false\" \/><\/span> <\/label><\/p>\n<p><label> \u0130letiniz (tercihe ba\u011fl\u0131)<br \/>\n    <span class=\"wpcf7-form-control-wrap your-message\"><textarea name=\"your-message\" cols=\"40\" rows=\"10\" class=\"wpcf7-form-control wpcf7-textarea\" aria-invalid=\"false\"><\/textarea><\/span> <\/label><\/p>\n<p><input type=\"submit\" value=\"G\u00f6nder\" class=\"wpcf7-form-control wpcf7-submit\" \/><\/p>\n<p style=\"display: none !important;\" class=\"akismet-fields-container\" data-prefix=\"_wpcf7_ak_\"><label>&#916;<textarea name=\"_wpcf7_ak_hp_textarea\" cols=\"45\" rows=\"8\" maxlength=\"100\"><\/textarea><\/label><input type=\"hidden\" id=\"ak_js_1\" name=\"_wpcf7_ak_js\" value=\"76\"\/><script>document.getElementById( \"ak_js_1\" ).setAttribute( \"value\", ( new Date() ).getTime() );<\/script><\/p><div class=\"wpcf7-response-output\" aria-hidden=\"true\"><\/div><\/form><\/div><\/div>\n\t\t\t\t<\/div>\n\t\t\t\t<\/div>\n\t\t\t\t\t\t<\/div>\n\t\t\t\t\t<\/div>\n\t\t<\/div>\n\t\t\t\t\t\t\t\t<\/div>\n\t\t\t\t\t<\/div>\n\t\t<\/section>\n\t\t\t\t<section class=\"elementor-section elementor-top-section elementor-element elementor-element-ed67881 elementor-section-stretched elementor-section-boxed elementor-section-height-default elementor-section-height-default\" data-id=\"ed67881\" data-element_type=\"section\" data-settings=\"{&quot;stretch_section&quot;:&quot;section-stretched&quot;}\">\n\t\t\t\t\t\t<div class=\"elementor-container elementor-column-gap-default\">\n\t\t\t\t\t\t\t<div class=\"elementor-row\">\n\t\t\t\t\t<div class=\"elementor-column elementor-col-100 elementor-top-column elementor-element elementor-element-39f2a29\" data-id=\"39f2a29\" data-element_type=\"column\">\n\t\t\t<div class=\"elementor-column-wrap elementor-element-populated\">\n\t\t\t\t\t\t\t<div class=\"elementor-widget-wrap\">\n\t\t\t\t\t\t<div class=\"elementor-element elementor-element-48a23b2 elementor-widget elementor-widget-google_maps\" data-id=\"48a23b2\" data-element_type=\"widget\" data-widget_type=\"google_maps.default\">\n\t\t\t\t<div class=\"elementor-widget-container\">\n\t\t\t<div class=\"elementor-custom-embed\"><iframe frameborder=\"0\" scrolling=\"no\" marginheight=\"0\" marginwidth=\"0\" src=\"https:\/\/maps.google.com\/maps?q=%20%20%20%20%2041.01205%2C%2028.8837&amp;t=m&amp;z=10&amp;output=embed&amp;iwloc=near\" title=\"     41.01205, 28.8837\" aria-label=\"     41.01205, 28.8837\"><\/iframe><\/div>\t\t<\/div>\n\t\t\t\t<\/div>\n\t\t\t\t\t\t<\/div>\n\t\t\t\t\t<\/div>\n\t\t<\/div>\n\t\t\t\t\t\t\t\t<\/div>\n\t\t\t\t\t<\/div>\n\t\t<\/section>\n\t\t\t\t<section class=\"elementor-section elementor-top-section elementor-element elementor-element-ed44e38 elementor-section-stretched elementor-section-boxed elementor-section-height-default elementor-section-height-default\" data-id=\"ed44e38\" data-element_type=\"section\" data-settings=\"{&quot;stretch_section&quot;:&quot;section-stretched&quot;}\">\n\t\t\t\t\t\t<div class=\"elementor-container elementor-column-gap-default\">\n\t\t\t\t\t\t\t<div class=\"elementor-row\">\n\t\t\t\t\t<div class=\"elementor-column elementor-col-100 elementor-top-column elementor-element elementor-element-6fdf6e8\" data-id=\"6fdf6e8\" data-element_type=\"column\">\n\t\t\t<div class=\"elementor-column-wrap elementor-element-populated\">\n\t\t\t\t\t\t\t<div class=\"elementor-widget-wrap\">\n\t\t\t\t\t\t<div class=\"elementor-element elementor-element-c382f53 elementor-widget elementor-widget-shortcode\" data-id=\"c382f53\" data-element_type=\"widget\" data-widget_type=\"shortcode.default\">\n\t\t\t\t<div class=\"elementor-widget-container\">\n\t\t\t\t\t<div class=\"elementor-shortcode\"><div id=\"instagram-feed155\" class=\"kp_instagram_container\" data-insta-options=\"{&quot;username&quot;:&quot;richberg_denim&quot;,&quot;container&quot;:&quot;#instagram-feed155&quot;,&quot;display_profile&quot;:true,&quot;display_biography&quot;:true,&quot;display_gallery&quot;:true,&quot;callback&quot;:null,&quot;styling&quot;:true,&quot;items&quot;:&quot;8&quot;,&quot;items_per_row&quot;:&quot;4&quot;,&quot;margin&quot;:&quot;1&quot;}\"><\/div><\/div>\n\t\t\t\t<\/div>\n\t\t\t\t<\/div>\n\t\t\t\t\t\t<\/div>\n\t\t\t\t\t<\/div>\n\t\t<\/div>\n\t\t\t\t\t\t\t\t<\/div>\n\t\t\t\t\t<\/div>\n\t\t<\/section>\n\t\t\t\t\t\t<\/div>\n\t\t\t\t\t\t<\/div>\n\t\t\t\t\t<\/div>\n\t\t","protected":false},"excerpt":{"rendered":"<p>SHOWROOMMehmet Nesih \u00d6zmen Mah.Kas\u0131m Sokak No:41\/45Merter AVM No:79Merter\/Istanbul\/Turkey +90 536 896 79 12+90 530 904 68 03 AKIL Y\u00dcCE TEKST\u0130LSAN. ve T\u0130C. LTD. \u015eT\u0130<\/p>\n","protected":false},"author":1,"featured_media":0,"parent":0,"menu_order":0,"comment_status":"closed","ping_status":"closed","template":"","meta":{"footnotes":""},"class_list":["post-19","page","type-page","status-publish","hentry"],"yoast_head":"<!-- This site is optimized with the Yoast SEO plugin v15.7 - https:\/\/yoast.com\/wordpress\/plugins\/seo\/ -->\n<title>\u0130leti\u015fim &laquo; R\u0130CHBERG JEANS<\/title>\n<meta name=\"robots\" content=\"index, follow, max-snippet:-1, max-image-preview:large, max-video-preview:-1\" \/>\n<link rel=\"canonical\" href=\"https:\/\/richberg.net\/index.php\/iletisim\/\" \/>\n<meta property=\"og:locale\" content=\"tr_TR\" \/>\n<meta property=\"og:type\" content=\"article\" \/>\n<meta property=\"og:title\" content=\"\u0130leti\u015fim &laquo; R\u0130CHBERG JEANS\" \/>\n<meta property=\"og:description\" content=\"SHOWROOMMehmet Nesih \u00d6zmen Mah.Kas\u0131m Sokak No:41\/45Merter AVM No:79Merter\/Istanbul\/Turkey +90 536 896 79 12+90 530 904 68 03 AKIL Y\u00dcCE TEKST\u0130LSAN. ve T\u0130C. LTD. \u015eT\u0130\" \/>\n<meta property=\"og:url\" content=\"https:\/\/richberg.net\/index.php\/iletisim\/\" \/>\n<meta property=\"og:site_name\" content=\"R\u0130CHBERG JEANS\" \/>\n<meta property=\"article:modified_time\" content=\"2021-03-17T13:24:43+00:00\" \/>\n<meta property=\"og:image\" content=\"https:\/\/richberg.net\/wp-content\/uploads\/2021\/01\/LOGO-RICHBERG-2.png\" \/>\n<meta name=\"twitter:card\" content=\"summary_large_image\" \/>\n<meta name=\"twitter:label1\" content=\"Tahmini okuma s\u00fcresi\">\n\t<meta name=\"twitter:data1\" content=\"1 dakika\">\n<script type=\"application\/ld+json\" class=\"yoast-schema-graph\">{\"@context\":\"https:\/\/schema.org\",\"@graph\":[{\"@type\":\"Organization\",\"@id\":\"https:\/\/richberg.net\/#organization\",\"name\":\"richberg jeans\",\"url\":\"https:\/\/richberg.net\/\",\"sameAs\":[],\"logo\":{\"@type\":\"ImageObject\",\"@id\":\"https:\/\/richberg.net\/#logo\",\"inLanguage\":\"tr\",\"url\":\"https:\/\/richberg.net\/wp-content\/uploads\/2021\/01\/LOGO-RICHBERG-2.png\",\"width\":590,\"height\":195,\"caption\":\"richberg jeans\"},\"image\":{\"@id\":\"https:\/\/richberg.net\/#logo\"}},{\"@type\":\"WebSite\",\"@id\":\"https:\/\/richberg.net\/#website\",\"url\":\"https:\/\/richberg.net\/\",\"name\":\"R\\u0130CHBERG JEANS\",\"description\":\"\",\"publisher\":{\"@id\":\"https:\/\/richberg.net\/#organization\"},\"potentialAction\":[{\"@type\":\"SearchAction\",\"target\":\"https:\/\/richberg.net\/?s={search_term_string}\",\"query-input\":\"required name=search_term_string\"}],\"inLanguage\":\"tr\"},{\"@type\":\"ImageObject\",\"@id\":\"https:\/\/richberg.net\/index.php\/iletisim\/#primaryimage\",\"inLanguage\":\"tr\",\"url\":\"https:\/\/richberg.net\/wp-content\/uploads\/2021\/01\/LOGO-RICHBERG-2.png\",\"width\":590,\"height\":195},{\"@type\":\"WebPage\",\"@id\":\"https:\/\/richberg.net\/index.php\/iletisim\/#webpage\",\"url\":\"https:\/\/richberg.net\/index.php\/iletisim\/\",\"name\":\"\\u0130leti\\u015fim &laquo; R\\u0130CHBERG JEANS\",\"isPartOf\":{\"@id\":\"https:\/\/richberg.net\/#website\"},\"primaryImageOfPage\":{\"@id\":\"https:\/\/richberg.net\/index.php\/iletisim\/#primaryimage\"},\"datePublished\":\"2021-01-23T17:59:37+00:00\",\"dateModified\":\"2021-03-17T13:24:43+00:00\",\"inLanguage\":\"tr\",\"potentialAction\":[{\"@type\":\"ReadAction\",\"target\":[\"https:\/\/richberg.net\/index.php\/iletisim\/\"]}]}]}<\/script>\n<!-- \/ Yoast SEO plugin. -->","_links":{"self":[{"href":"https:\/\/richberg.net\/index.php\/wp-json\/wp\/v2\/pages\/19","targetHints":{"allow":["GET"]}}],"collection":[{"href":"https:\/\/richberg.net\/index.php\/wp-json\/wp\/v2\/pages"}],"about":[{"href":"https:\/\/richberg.net\/index.php\/wp-json\/wp\/v2\/types\/page"}],"author":[{"embeddable":true,"href":"https:\/\/richberg.net\/index.php\/wp-json\/wp\/v2\/users\/1"}],"replies":[{"embeddable":true,"href":"https:\/\/richberg.net\/index.php\/wp-json\/wp\/v2\/comments?post=19"}],"version-history":[{"count":23,"href":"https:\/\/richberg.net\/index.php\/wp-json\/wp\/v2\/pages\/19\/revisions"}],"predecessor-version":[{"id":187,"href":"https:\/\/richberg.net\/index.php\/wp-json\/wp\/v2\/pages\/19\/revisions\/187"}],"wp:attachment":[{"href":"https:\/\/richberg.net\/index.php\/wp-json\/wp\/v2\/media?parent=19"}],"curies":[{"name":"wp","href":"https:\/\/api.w.org\/{rel}","templated":true}]}}